{"id":1482,"date":"2024-03-25T13:22:48","date_gmt":"2024-03-25T12:22:48","guid":{"rendered":"https:\/\/fundaciolar.com\/?page_id=1482"},"modified":"2024-03-25T13:22:48","modified_gmt":"2024-03-25T12:22:48","slug":"viviendas-de-inclusion-social","status":"publish","type":"page","link":"https:\/\/fundaciolar.com\/es\/viviendas-de-inclusion-social\/","title":{"rendered":"Viviendas de inclusi\u00f3n social"},"content":{"rendered":"<div  class='flex_column av-av_one_full-692a56cb27b4036f41891925b87c1c70 av_one_full  avia-builder-el-0  avia-builder-el-no-sibling  first flex_column_div  '     ><p>\n<style type=\"text\/css\" data-created_by=\"avia_inline_auto\" id=\"style-css-av-lu6x30nz-c48c9b13d8d174d8d0201614a52278d0\">\n#top .av-special-heading.av-lu6x30nz-c48c9b13d8d174d8d0201614a52278d0{\npadding-bottom:10px;\n}\nbody .av-special-heading.av-lu6x30nz-c48c9b13d8d174d8d0201614a52278d0 .av-special-heading-tag .heading-char{\nfont-size:25px;\n}\n.av-special-heading.av-lu6x30nz-c48c9b13d8d174d8d0201614a52278d0 .av-subheading{\nfont-size:15px;\n}\n<\/style>\n<div  class='av-special-heading av-lu6x30nz-c48c9b13d8d174d8d0201614a52278d0 av-special-heading-h1 blockquote elegant-quote elegant-centered  avia-builder-el-1  el_before_av_textblock  avia-builder-el-first '><h1 class='av-special-heading-tag'  itemprop=\"headline\"  ><span class=\"heading-wrap\">Viviendas de inclusi\u00f3n social<\/span><\/h1><div class=\"special-heading-border\"><div class=\"special-heading-inner-border\"><\/div><\/div><\/div><br \/>\n<section  class='av_textblock_section av-lu6x4s1e-32a7dbb890e5e6a73739055832b39580 '   itemscope=\"itemscope\" itemtype=\"https:\/\/schema.org\/CreativeWork\" ><div class='avia_textblock'  itemprop=\"text\" ><h2>Definici\u00f3n y objetivos<\/h2>\n<p>Son viviendas cuyo objetivo es promover la inclusi\u00f3n de personas con especiales necesidades de atenci\u00f3n, y evitar que las personas queden excluidas de una vivienda por motivos econ\u00f3micos, as\u00ed como para garantizar la estabilidad y la seguridad de los residentes m\u00e1s vulnerables.<br \/>\nCon esta finalidad se ha establecido un mecanismo de colaboraci\u00f3n y apoyo mutuo entre la Agencia de la Vivienda de Catalu\u00f1a y Fundaci\u00f3n Privada LAR para la cesi\u00f3n de la gesti\u00f3n del uso de una vivienda, administrada por la Agencia ya favor de la citada Fundaci\u00f3n, para posibilitar el acceso a una vivienda p\u00fablica a aquellas personas o unidades familiares con especiales necesidades de atenci\u00f3n.<\/p>\n<h2>A quien va dirigido<\/h2>\n<p>El perfil de personas que pueden acceder a las viviendas de alquiler social es el siguiente:<\/p>\n<ul>\n<li>Personas con necesidad de vivienda y con recursos econ\u00f3micos precarios.<\/li>\n<li>Ser perceptores del servicio de Apoyo a la Autonom\u00eda en el propio Hogar o del Servicio de atenci\u00f3n Personal y Comunitaria.<\/li>\n<\/ul>\n<h2>V\u00eda de acceso<\/h2>\n<p>Para acceder al servicio es necesario concertar entrevista previa (horas convenidas) con la Directora T\u00e9cnica y la trabajadora social de los Servicios de Vivienda de la entidad para la valoraci\u00f3n del perfil y necesidades de la persona.<\/p>\n<\/div><\/section><\/p><\/div>\n","protected":false},"excerpt":{"rendered":"","protected":false},"author":1,"featured_media":0,"parent":0,"menu_order":0,"comment_status":"closed","ping_status":"closed","template":"","meta":{"footnotes":""},"class_list":["post-1482","page","type-page","status-publish","hentry"],"yoast_head":"<!-- This site is optimized with the Yoast SEO plugin v27.0 - https:\/\/yoast.com\/product\/yoast-seo-wordpress\/ -->\n<title>Viviendas de inclusi\u00f3n social - Fundaci\u00f3 LAR<\/title>\n<meta name=\"robots\" content=\"index, follow, max-snippet:-1, max-image-preview:large, max-video-preview:-1\" \/>\n<link rel=\"canonical\" href=\"https:\/\/fundaciolar.com\/es\/viviendas-de-inclusion-social\/\" \/>\n<meta property=\"og:locale\" content=\"es_ES\" \/>\n<meta property=\"og:type\" content=\"article\" \/>\n<meta property=\"og:title\" content=\"Viviendas de inclusi\u00f3n social - Fundaci\u00f3 LAR\" \/>\n<meta property=\"og:url\" content=\"https:\/\/fundaciolar.com\/es\/viviendas-de-inclusion-social\/\" \/>\n<meta property=\"og:site_name\" content=\"Fundaci\u00f3 LAR\" \/>\n<meta name=\"twitter:card\" content=\"summary_large_image\" \/>\n<meta name=\"twitter:label1\" content=\"Tiempo de lectura\" \/>\n\t<meta name=\"twitter:data1\" content=\"1 minuto\" \/>\n<script type=\"application\/ld+json\" class=\"yoast-schema-graph\">{\"@context\":\"https:\/\/schema.org\",\"@graph\":[{\"@type\":\"WebPage\",\"@id\":\"https:\/\/fundaciolar.com\/es\/viviendas-de-inclusion-social\/\",\"url\":\"https:\/\/fundaciolar.com\/es\/viviendas-de-inclusion-social\/\",\"name\":\"Viviendas de inclusi\u00f3n social - Fundaci\u00f3 LAR\",\"isPartOf\":{\"@id\":\"https:\/\/fundaciolar.com\/es\/#website\"},\"datePublished\":\"2024-03-25T12:22:48+00:00\",\"breadcrumb\":{\"@id\":\"https:\/\/fundaciolar.com\/es\/viviendas-de-inclusion-social\/#breadcrumb\"},\"inLanguage\":\"es\",\"potentialAction\":[{\"@type\":\"ReadAction\",\"target\":[\"https:\/\/fundaciolar.com\/es\/viviendas-de-inclusion-social\/\"]}]},{\"@type\":\"BreadcrumbList\",\"@id\":\"https:\/\/fundaciolar.com\/es\/viviendas-de-inclusion-social\/#breadcrumb\",\"itemListElement\":[{\"@type\":\"ListItem\",\"position\":1,\"name\":\"Portada\",\"item\":\"https:\/\/fundaciolar.com\/es\/\"},{\"@type\":\"ListItem\",\"position\":2,\"name\":\"Viviendas de inclusi\u00f3n social\"}]},{\"@type\":\"WebSite\",\"@id\":\"https:\/\/fundaciolar.com\/es\/#website\",\"url\":\"https:\/\/fundaciolar.com\/es\/\",\"name\":\"Fundaci\u00f3 LAR\",\"description\":\"\",\"publisher\":{\"@id\":\"https:\/\/fundaciolar.com\/es\/#organization\"},\"potentialAction\":[{\"@type\":\"SearchAction\",\"target\":{\"@type\":\"EntryPoint\",\"urlTemplate\":\"https:\/\/fundaciolar.com\/es\/?s={search_term_string}\"},\"query-input\":{\"@type\":\"PropertyValueSpecification\",\"valueRequired\":true,\"valueName\":\"search_term_string\"}}],\"inLanguage\":\"es\"},{\"@type\":\"Organization\",\"@id\":\"https:\/\/fundaciolar.com\/es\/#organization\",\"name\":\"Fundaci\u00f3 LAR\",\"url\":\"https:\/\/fundaciolar.com\/es\/\",\"logo\":{\"@type\":\"ImageObject\",\"inLanguage\":\"es\",\"@id\":\"https:\/\/fundaciolar.com\/es\/#\/schema\/logo\/image\/\",\"url\":\"https:\/\/fundaciolar.com\/wp-content\/uploads\/2024\/03\/logo.jpg\",\"contentUrl\":\"https:\/\/fundaciolar.com\/wp-content\/uploads\/2024\/03\/logo.jpg\",\"width\":218,\"height\":62,\"caption\":\"Fundaci\u00f3 LAR\"},\"image\":{\"@id\":\"https:\/\/fundaciolar.com\/es\/#\/schema\/logo\/image\/\"}}]}<\/script>\n<!-- \/ Yoast SEO plugin. -->","yoast_head_json":{"title":"Viviendas de inclusi\u00f3n social - Fundaci\u00f3 LAR","robots":{"index":"index","follow":"follow","max-snippet":"max-snippet:-1","max-image-preview":"max-image-preview:large","max-video-preview":"max-video-preview:-1"},"canonical":"https:\/\/fundaciolar.com\/es\/viviendas-de-inclusion-social\/","og_locale":"es_ES","og_type":"article","og_title":"Viviendas de inclusi\u00f3n social - Fundaci\u00f3 LAR","og_url":"https:\/\/fundaciolar.com\/es\/viviendas-de-inclusion-social\/","og_site_name":"Fundaci\u00f3 LAR","twitter_card":"summary_large_image","twitter_misc":{"Tiempo de lectura":"1 minuto"},"schema":{"@context":"https:\/\/schema.org","@graph":[{"@type":"WebPage","@id":"https:\/\/fundaciolar.com\/es\/viviendas-de-inclusion-social\/","url":"https:\/\/fundaciolar.com\/es\/viviendas-de-inclusion-social\/","name":"Viviendas de inclusi\u00f3n social - Fundaci\u00f3 LAR","isPartOf":{"@id":"https:\/\/fundaciolar.com\/es\/#website"},"datePublished":"2024-03-25T12:22:48+00:00","breadcrumb":{"@id":"https:\/\/fundaciolar.com\/es\/viviendas-de-inclusion-social\/#breadcrumb"},"inLanguage":"es","potentialAction":[{"@type":"ReadAction","target":["https:\/\/fundaciolar.com\/es\/viviendas-de-inclusion-social\/"]}]},{"@type":"BreadcrumbList","@id":"https:\/\/fundaciolar.com\/es\/viviendas-de-inclusion-social\/#breadcrumb","itemListElement":[{"@type":"ListItem","position":1,"name":"Portada","item":"https:\/\/fundaciolar.com\/es\/"},{"@type":"ListItem","position":2,"name":"Viviendas de inclusi\u00f3n social"}]},{"@type":"WebSite","@id":"https:\/\/fundaciolar.com\/es\/#website","url":"https:\/\/fundaciolar.com\/es\/","name":"Fundaci\u00f3 LAR","description":"","publisher":{"@id":"https:\/\/fundaciolar.com\/es\/#organization"},"potentialAction":[{"@type":"SearchAction","target":{"@type":"EntryPoint","urlTemplate":"https:\/\/fundaciolar.com\/es\/?s={search_term_string}"},"query-input":{"@type":"PropertyValueSpecification","valueRequired":true,"valueName":"search_term_string"}}],"inLanguage":"es"},{"@type":"Organization","@id":"https:\/\/fundaciolar.com\/es\/#organization","name":"Fundaci\u00f3 LAR","url":"https:\/\/fundaciolar.com\/es\/","logo":{"@type":"ImageObject","inLanguage":"es","@id":"https:\/\/fundaciolar.com\/es\/#\/schema\/logo\/image\/","url":"https:\/\/fundaciolar.com\/wp-content\/uploads\/2024\/03\/logo.jpg","contentUrl":"https:\/\/fundaciolar.com\/wp-content\/uploads\/2024\/03\/logo.jpg","width":218,"height":62,"caption":"Fundaci\u00f3 LAR"},"image":{"@id":"https:\/\/fundaciolar.com\/es\/#\/schema\/logo\/image\/"}}]}},"_links":{"self":[{"href":"https:\/\/fundaciolar.com\/es\/wp-json\/wp\/v2\/pages\/1482","targetHints":{"allow":["GET"]}}],"collection":[{"href":"https:\/\/fundaciolar.com\/es\/wp-json\/wp\/v2\/pages"}],"about":[{"href":"https:\/\/fundaciolar.com\/es\/wp-json\/wp\/v2\/types\/page"}],"author":[{"embeddable":true,"href":"https:\/\/fundaciolar.com\/es\/wp-json\/wp\/v2\/users\/1"}],"replies":[{"embeddable":true,"href":"https:\/\/fundaciolar.com\/es\/wp-json\/wp\/v2\/comments?post=1482"}],"version-history":[{"count":2,"href":"https:\/\/fundaciolar.com\/es\/wp-json\/wp\/v2\/pages\/1482\/revisions"}],"predecessor-version":[{"id":1488,"href":"https:\/\/fundaciolar.com\/es\/wp-json\/wp\/v2\/pages\/1482\/revisions\/1488"}],"wp:attachment":[{"href":"https:\/\/fundaciolar.com\/es\/wp-json\/wp\/v2\/media?parent=1482"}],"curies":[{"name":"wp","href":"https:\/\/api.w.org\/{rel}","templated":true}]}}